{"id":862,"date":"2023-08-14T23:23:20","date_gmt":"2023-08-15T02:23:20","guid":{"rendered":"https:\/\/usitex.com.br\/?page_id=862"},"modified":"2023-09-28T20:49:47","modified_gmt":"2023-09-28T23:49:47","slug":"modelo-bcht","status":"publish","type":"page","link":"https:\/\/usitex.com.br\/?page_id=862","title":{"rendered":"Modelo BCHT"},"content":{"rendered":"\t\t<div data-elementor-type=\"wp-page\" data-elementor-id=\"862\" class=\"elementor elementor-862\" data-elementor-post-type=\"page\">\n\t\t\t\t\t\t\t\t\t<section class=\"elementor-section elementor-top-section elementor-element elementor-element-74ff753 elementor-section-full_width elementor-section-stretched elementor-section-height-default elementor-section-height-default\" data-id=\"74ff753\" data-element_type=\"section\" data-settings=\"{&quot;stretch_section&quot;:&quot;section-stretched&quot;,&quot;background_background&quot;:&quot;classic&quot;}\">\n\t\t\t\t\t\t\t<div class=\"elementor-background-overlay\"><\/div>\n\t\t\t\t\t\t\t<div class=\"elementor-container elementor-column-gap-no\">\n\t\t\t\t\t<div class=\"aux-parallax-section elementor-column elementor-col-100 elementor-top-column elementor-element elementor-element-e13e88c\" data-id=\"e13e88c\" data-element_type=\"column\">\n\t\t\t<div class=\"elementor-widget-wrap elementor-element-populated\">\n\t\t\t\t\t\t\t\t\t<\/div>\n\t\t<\/div>\n\t\t\t\t\t\t\t<\/div>\n\t\t<\/section>\n\t\t\t\t<section class=\"elementor-section elementor-top-section elementor-element elementor-element-5295002 elementor-section-full_width elementor-section-stretched elementor-section-height-default elementor-section-height-default\" data-id=\"5295002\" data-element_type=\"section\" data-settings=\"{&quot;stretch_section&quot;:&quot;section-stretched&quot;}\">\n\t\t\t\t\t\t<div class=\"elementor-container elementor-column-gap-default\">\n\t\t\t\t\t<div class=\"aux-parallax-section elementor-column elementor-col-50 elementor-top-column elementor-element elementor-element-60ae554\" data-id=\"60ae554\" data-element_type=\"column\">\n\t\t\t<div class=\"elementor-widget-wrap elementor-element-populated\">\n\t\t\t\t\t\t\t\t<div class=\"elementor-element elementor-element-93376f4 elementor-widget elementor-widget-image\" data-id=\"93376f4\" data-element_type=\"widget\" data-widget_type=\"image.default\">\n\t\t\t\t<div class=\"elementor-widget-container\">\n\t\t\t\t\t\t\t\t\t\t\t\t\t\t\t\t<a href=\"https:\/\/usitex.com.br\/wp-content\/uploads\/2023\/09\/Febratex-08-2016-77.jpg\" data-elementor-open-lightbox=\"yes\" data-elementor-lightbox-title=\"Febratex 08- 2016 (77)\" data-e-action-hash=\"#elementor-action%3Aaction%3Dlightbox%26settings%3DeyJpZCI6MTIwNCwidXJsIjoiaHR0cHM6XC9cL3VzaXRleC5jb20uYnJcL3dwLWNvbnRlbnRcL3VwbG9hZHNcLzIwMjNcLzA5XC9GZWJyYXRleC0wOC0yMDE2LTc3LmpwZyJ9\">\n\t\t\t\t\t\t\t<img loading=\"lazy\" decoding=\"async\" width=\"1000\" height=\"1333\" src=\"https:\/\/usitex.com.br\/wp-content\/uploads\/2023\/09\/Febratex-08-2016-77.jpg\" class=\"attachment-full size-full wp-image-1204\" alt=\"\" srcset=\"https:\/\/usitex.com.br\/wp-content\/uploads\/2023\/09\/Febratex-08-2016-77.jpg 1000w, https:\/\/usitex.com.br\/wp-content\/uploads\/2023\/09\/Febratex-08-2016-77-200x267.jpg 200w\" sizes=\"auto, (max-width: 1000px) 100vw, 1000px\" \/>\t\t\t\t\t\t\t\t<\/a>\n\t\t\t\t\t\t\t\t\t\t\t\t\t\t\t<\/div>\n\t\t\t\t<\/div>\n\t\t\t\t<section class=\"elementor-section elementor-inner-section elementor-element elementor-element-1c3c95d elementor-section-boxed elementor-section-height-default elementor-section-height-default\" data-id=\"1c3c95d\" data-element_type=\"section\">\n\t\t\t\t\t\t<div class=\"elementor-container elementor-column-gap-default\">\n\t\t\t\t\t<div class=\"aux-parallax-section elementor-column elementor-col-25 elementor-inner-column elementor-element elementor-element-20675d5\" data-id=\"20675d5\" data-element_type=\"column\">\n\t\t\t<div class=\"elementor-widget-wrap elementor-element-populated\">\n\t\t\t\t\t\t\t\t<div class=\"elementor-element elementor-element-0878226 elementor-widget elementor-widget-image\" data-id=\"0878226\" data-element_type=\"widget\" data-widget_type=\"image.default\">\n\t\t\t\t<div class=\"elementor-widget-container\">\n\t\t\t\t\t\t\t\t\t\t\t\t\t\t\t\t<a href=\"https:\/\/usitex.com.br\/wp-content\/uploads\/2023\/09\/Febratex-08-2016-68.jpg\" data-elementor-open-lightbox=\"yes\" data-elementor-lightbox-title=\"Febratex 08- 2016 (68)\" data-e-action-hash=\"#elementor-action%3Aaction%3Dlightbox%26settings%3DeyJpZCI6MTIwMywidXJsIjoiaHR0cHM6XC9cL3VzaXRleC5jb20uYnJcL3dwLWNvbnRlbnRcL3VwbG9hZHNcLzIwMjNcLzA5XC9GZWJyYXRleC0wOC0yMDE2LTY4LmpwZyJ9\">\n\t\t\t\t\t\t\t<img loading=\"lazy\" decoding=\"async\" width=\"200\" height=\"267\" src=\"https:\/\/usitex.com.br\/wp-content\/uploads\/2023\/09\/Febratex-08-2016-68-200x267.jpg\" class=\"attachment-depicter-thumbnail size-depicter-thumbnail wp-image-1203\" alt=\"\" srcset=\"https:\/\/usitex.com.br\/wp-content\/uploads\/2023\/09\/Febratex-08-2016-68-200x267.jpg 200w, https:\/\/usitex.com.br\/wp-content\/uploads\/2023\/09\/Febratex-08-2016-68.jpg 1000w\" sizes=\"auto, (max-width: 200px) 100vw, 200px\" \/>\t\t\t\t\t\t\t\t<\/a>\n\t\t\t\t\t\t\t\t\t\t\t\t\t\t\t<\/div>\n\t\t\t\t<\/div>\n\t\t\t\t\t<\/div>\n\t\t<\/div>\n\t\t\t\t<div class=\"aux-parallax-section elementor-column elementor-col-25 elementor-inner-column elementor-element elementor-element-b308353\" data-id=\"b308353\" data-element_type=\"column\">\n\t\t\t<div class=\"elementor-widget-wrap elementor-element-populated\">\n\t\t\t\t\t\t\t\t<div class=\"elementor-element elementor-element-bc0c140 elementor-widget elementor-widget-image\" data-id=\"bc0c140\" data-element_type=\"widget\" data-widget_type=\"image.default\">\n\t\t\t\t<div class=\"elementor-widget-container\">\n\t\t\t\t\t\t\t\t\t\t\t\t\t\t\t\t<a href=\"https:\/\/usitex.com.br\/wp-content\/uploads\/2023\/09\/DSC00170.jpg\" data-elementor-open-lightbox=\"yes\" data-elementor-lightbox-title=\"DSC00170\" data-e-action-hash=\"#elementor-action%3Aaction%3Dlightbox%26settings%3DeyJpZCI6MTIwMiwidXJsIjoiaHR0cHM6XC9cL3VzaXRleC5jb20uYnJcL3dwLWNvbnRlbnRcL3VwbG9hZHNcLzIwMjNcLzA5XC9EU0MwMDE3MC5qcGcifQ%3D%3D\">\n\t\t\t\t\t\t\t<img loading=\"lazy\" decoding=\"async\" width=\"200\" height=\"267\" src=\"https:\/\/usitex.com.br\/wp-content\/uploads\/2023\/09\/DSC00170-200x267.jpg\" class=\"attachment-depicter-thumbnail size-depicter-thumbnail wp-image-1202\" alt=\"\" srcset=\"https:\/\/usitex.com.br\/wp-content\/uploads\/2023\/09\/DSC00170-200x267.jpg 200w, https:\/\/usitex.com.br\/wp-content\/uploads\/2023\/09\/DSC00170.jpg 1000w\" sizes=\"auto, (max-width: 200px) 100vw, 200px\" \/>\t\t\t\t\t\t\t\t<\/a>\n\t\t\t\t\t\t\t\t\t\t\t\t\t\t\t<\/div>\n\t\t\t\t<\/div>\n\t\t\t\t\t<\/div>\n\t\t<\/div>\n\t\t\t\t<div class=\"aux-parallax-section elementor-column elementor-col-25 elementor-inner-column elementor-element elementor-element-d97781a\" data-id=\"d97781a\" data-element_type=\"column\">\n\t\t\t<div class=\"elementor-widget-wrap elementor-element-populated\">\n\t\t\t\t\t\t\t\t<div class=\"elementor-element elementor-element-27e6248 elementor-widget elementor-widget-image\" data-id=\"27e6248\" data-element_type=\"widget\" data-widget_type=\"image.default\">\n\t\t\t\t<div class=\"elementor-widget-container\">\n\t\t\t\t\t\t\t\t\t\t\t\t\t\t\t\t<a href=\"https:\/\/usitex.com.br\/wp-content\/uploads\/2023\/09\/DSC00080.jpg\" data-elementor-open-lightbox=\"yes\" data-elementor-lightbox-title=\"DSC00080\" data-e-action-hash=\"#elementor-action%3Aaction%3Dlightbox%26settings%3DeyJpZCI6MTIwMSwidXJsIjoiaHR0cHM6XC9cL3VzaXRleC5jb20uYnJcL3dwLWNvbnRlbnRcL3VwbG9hZHNcLzIwMjNcLzA5XC9EU0MwMDA4MC5qcGcifQ%3D%3D\">\n\t\t\t\t\t\t\t<img loading=\"lazy\" decoding=\"async\" width=\"200\" height=\"267\" src=\"https:\/\/usitex.com.br\/wp-content\/uploads\/2023\/09\/DSC00080-200x267.jpg\" class=\"attachment-depicter-thumbnail size-depicter-thumbnail wp-image-1201\" alt=\"\" srcset=\"https:\/\/usitex.com.br\/wp-content\/uploads\/2023\/09\/DSC00080-200x267.jpg 200w, https:\/\/usitex.com.br\/wp-content\/uploads\/2023\/09\/DSC00080.jpg 1000w\" sizes=\"auto, (max-width: 200px) 100vw, 200px\" \/>\t\t\t\t\t\t\t\t<\/a>\n\t\t\t\t\t\t\t\t\t\t\t\t\t\t\t<\/div>\n\t\t\t\t<\/div>\n\t\t\t\t\t<\/div>\n\t\t<\/div>\n\t\t\t\t<div class=\"aux-parallax-section elementor-column elementor-col-25 elementor-inner-column elementor-element elementor-element-d17d605\" data-id=\"d17d605\" data-element_type=\"column\">\n\t\t\t<div class=\"elementor-widget-wrap elementor-element-populated\">\n\t\t\t\t\t\t\t\t<div class=\"elementor-element elementor-element-8b7502f elementor-widget elementor-widget-image\" data-id=\"8b7502f\" data-element_type=\"widget\" data-widget_type=\"image.default\">\n\t\t\t\t<div class=\"elementor-widget-container\">\n\t\t\t\t\t\t\t\t\t\t\t\t\t\t\t\t<a href=\"https:\/\/usitex.com.br\/wp-content\/uploads\/2023\/09\/20180518_074635.jpg\" data-elementor-open-lightbox=\"yes\" data-elementor-lightbox-title=\"20180518_074635\" data-e-action-hash=\"#elementor-action%3Aaction%3Dlightbox%26settings%3DeyJpZCI6MTIwMCwidXJsIjoiaHR0cHM6XC9cL3VzaXRleC5jb20uYnJcL3dwLWNvbnRlbnRcL3VwbG9hZHNcLzIwMjNcLzA5XC8yMDE4MDUxOF8wNzQ2MzUuanBnIn0%3D\">\n\t\t\t\t\t\t\t<img loading=\"lazy\" decoding=\"async\" width=\"200\" height=\"267\" src=\"https:\/\/usitex.com.br\/wp-content\/uploads\/2023\/09\/20180518_074635-200x267.jpg\" class=\"attachment-depicter-thumbnail size-depicter-thumbnail wp-image-1200\" alt=\"\" srcset=\"https:\/\/usitex.com.br\/wp-content\/uploads\/2023\/09\/20180518_074635-200x267.jpg 200w, https:\/\/usitex.com.br\/wp-content\/uploads\/2023\/09\/20180518_074635.jpg 678w\" sizes=\"auto, (max-width: 200px) 100vw, 200px\" \/>\t\t\t\t\t\t\t\t<\/a>\n\t\t\t\t\t\t\t\t\t\t\t\t\t\t\t<\/div>\n\t\t\t\t<\/div>\n\t\t\t\t\t<\/div>\n\t\t<\/div>\n\t\t\t\t\t\t\t<\/div>\n\t\t<\/section>\n\t\t\t\t<div class=\"elementor-element elementor-element-5ccc080 elementor-position-left elementor-vertical-align-middle elementor-widget__width-auto elementor-view-default elementor-mobile-position-top elementor-widget elementor-widget-icon-box\" data-id=\"5ccc080\" data-element_type=\"widget\" data-widget_type=\"icon-box.default\">\n\t\t\t\t<div class=\"elementor-widget-container\">\n\t\t\t\t\t<div class=\"elementor-icon-box-wrapper\">\n\t\t\t\t\t\t<div class=\"elementor-icon-box-icon\">\n\t\t\t\t<span  class=\"elementor-icon elementor-animation-\">\n\t\t\t\t<i aria-hidden=\"true\" class=\"auxicon auxicon-magnifier\"><\/i>\t\t\t\t<\/span>\n\t\t\t<\/div>\n\t\t\t\t\t\t<div class=\"elementor-icon-box-content\">\n\t\t\t\t<h3 class=\"elementor-icon-box-title\">\n\t\t\t\t\t<span  >\n\t\t\t\t\t\tClique para ampliar\t\t\t\t\t<\/span>\n\t\t\t\t<\/h3>\n\t\t\t\t\t\t\t<\/div>\n\t\t<\/div>\n\t\t\t\t<\/div>\n\t\t\t\t<\/div>\n\t\t\t\t\t<\/div>\n\t\t<\/div>\n\t\t\t\t<div class=\"aux-parallax-section elementor-column elementor-col-50 elementor-top-column elementor-element elementor-element-18a3959\" data-id=\"18a3959\" data-element_type=\"column\">\n\t\t\t<div class=\"elementor-widget-wrap elementor-element-populated\">\n\t\t\t\t\t\t\t\t<div class=\"elementor-element elementor-element-13a956a elementor-widget elementor-widget-heading\" data-id=\"13a956a\" data-element_type=\"widget\" data-widget_type=\"heading.default\">\n\t\t\t\t<div class=\"elementor-widget-container\">\n\t\t\t<h2 class=\"elementor-heading-title elementor-size-default\">M\u00e1quina para tingimento de fios modelo BCHT<\/h2>\t\t<\/div>\n\t\t\t\t<\/div>\n\t\t\t\t<div class=\"elementor-element elementor-element-e8deddc elementor-widget elementor-widget-text-editor\" data-id=\"e8deddc\" data-element_type=\"widget\" data-widget_type=\"text-editor.default\">\n\t\t\t\t<div class=\"elementor-widget-container\">\n\t\t\t\t\t\t\t<p class=\"text-justify\" style=\"font-variant-numeric: inherit; font-variant-east-asian: inherit; font-variant-alternates: inherit; font-stretch: inherit; font-size: medium; line-height: 1.7; font-family: Roboto, sans-serif; font-optical-sizing: inherit; font-kerning: inherit; font-feature-settings: inherit; font-variation-settings: inherit; padding: 10px 0px 0px; margin-bottom: 15px; color: #15181b; background-color: #fcfcfc;\">O modelo BCHT possui sistema de circula\u00e7\u00e3o projetado para oferecer ao mercado o verdadeiro banho curto. A elimina\u00e7\u00e3o de toda a tubula\u00e7\u00e3o excedente proporciona uma alta redu\u00e7\u00e3o na rela\u00e7\u00e3o de banho em cada partida.<\/p><p class=\"text-justify\" style=\"font-variant-numeric: inherit; font-variant-east-asian: inherit; font-variant-alternates: inherit; font-stretch: inherit; font-size: medium; line-height: 1.7; font-family: Roboto, sans-serif; font-optical-sizing: inherit; font-kerning: inherit; font-feature-settings: inherit; font-variation-settings: inherit; padding: 10px 0px 0px; margin-bottom: 15px; color: #15181b; background-color: #fcfcfc;\">Com excelente desempenho e qualidade, o Turbo BCHT \u00e9 superior aos equipamentos existentes, sua redu\u00e7\u00e3o no consumo de \u00e1gua garantem ao cliente economia no custo do processo.<\/p><p class=\"text-justify\" style=\"font-variant-numeric: inherit; font-variant-east-asian: inherit; font-variant-alternates: inherit; font-stretch: inherit; font-size: medium; line-height: 1.7; font-family: Roboto, sans-serif; font-optical-sizing: inherit; font-kerning: inherit; font-feature-settings: inherit; font-variation-settings: inherit; padding: 10px 0px 0px; margin-bottom: 15px; color: #15181b; background-color: #fcfcfc;\">A bomba turbo de alto volume, refer\u00eancia das m\u00e1quinas Usitex mant\u00e9m sua qualidade com maior desempenho neste novo sistema, sendo a invers\u00e3o do banho realizado pelo motor, eliminando a v\u00e1lvula de invers\u00e3o. Este modelo trabalha com capacidade de 1 a 600 bobinas de fios (naturais, sint\u00e9ticos e artificiais), de acordo com a necessidade de nossos cliente.<\/p>\t\t\t\t\t\t<\/div>\n\t\t\t\t<\/div>\n\t\t\t\t<div class=\"elementor-element elementor-element-53f2655 elementor-widget-divider--view-line elementor-widget elementor-widget-divider\" data-id=\"53f2655\" data-element_type=\"widget\" data-widget_type=\"divider.default\">\n\t\t\t\t<div class=\"elementor-widget-container\">\n\t\t\t\t\t<div class=\"elementor-divider\">\n\t\t\t<span class=\"elementor-divider-separator\">\n\t\t\t\t\t\t<\/span>\n\t\t<\/div>\n\t\t\t\t<\/div>\n\t\t\t\t<\/div>\n\t\t\t\t\t<\/div>\n\t\t<\/div>\n\t\t\t\t\t\t\t<\/div>\n\t\t<\/section>\n\t\t\t\t<section class=\"elementor-section elementor-top-section elementor-element elementor-element-1a218b5 elementor-section-full_width elementor-section-stretched elementor-section-height-default elementor-section-height-default\" data-id=\"1a218b5\" data-element_type=\"section\" data-settings=\"{&quot;stretch_section&quot;:&quot;section-stretched&quot;,&quot;background_background&quot;:&quot;classic&quot;}\">\n\t\t\t\t\t\t\t<div class=\"elementor-background-overlay\"><\/div>\n\t\t\t\t\t\t\t<div class=\"elementor-container elementor-column-gap-no\">\n\t\t\t\t\t<div class=\"aux-parallax-section elementor-column elementor-col-100 elementor-top-column elementor-element elementor-element-42030dc\" data-id=\"42030dc\" data-element_type=\"column\">\n\t\t\t<div class=\"elementor-widget-wrap elementor-element-populated\">\n\t\t\t\t\t\t\t\t<section class=\"elementor-section elementor-inner-section elementor-element elementor-element-d0940d1 elementor-section-boxed elementor-section-height-default elementor-section-height-default\" data-id=\"d0940d1\" data-element_type=\"section\">\n\t\t\t\t\t\t<div class=\"elementor-container elementor-column-gap-default\">\n\t\t\t\t\t<div class=\"aux-parallax-section elementor-column elementor-col-50 elementor-inner-column elementor-element elementor-element-7531f3c\" data-id=\"7531f3c\" data-element_type=\"column\">\n\t\t\t<div class=\"elementor-widget-wrap elementor-element-populated\">\n\t\t\t\t\t\t\t\t<div class=\"elementor-element elementor-element-501bcbe elementor-widget elementor-widget-heading\" data-id=\"501bcbe\" data-element_type=\"widget\" data-widget_type=\"heading.default\">\n\t\t\t\t<div class=\"elementor-widget-container\">\n\t\t\t<h2 class=\"elementor-heading-title elementor-size-default\">Qualidade e Efici\u00eancia na<\/h2>\t\t<\/div>\n\t\t\t\t<\/div>\n\t\t\t\t<div class=\"elementor-element elementor-element-a536a70 elementor-widget elementor-widget-heading\" data-id=\"a536a70\" data-element_type=\"widget\" data-widget_type=\"heading.default\">\n\t\t\t\t<div class=\"elementor-widget-container\">\n\t\t\t<h2 class=\"elementor-heading-title elementor-size-default\">Produ\u00e7\u00e3o de equipamentos t\u00eaxteis<\/h2>\t\t<\/div>\n\t\t\t\t<\/div>\n\t\t\t\t\t<\/div>\n\t\t<\/div>\n\t\t\t\t<div class=\"aux-parallax-section elementor-column elementor-col-50 elementor-inner-column elementor-element elementor-element-10eb3dc\" data-id=\"10eb3dc\" data-element_type=\"column\">\n\t\t\t<div class=\"elementor-widget-wrap elementor-element-populated\">\n\t\t\t\t\t\t\t\t<div class=\"elementor-element elementor-element-492a89f elementor-align-justify elementor-widget elementor-widget-button\" data-id=\"492a89f\" data-element_type=\"widget\" data-widget_type=\"button.default\">\n\t\t\t\t<div class=\"elementor-widget-container\">\n\t\t\t\t\t<div class=\"elementor-button-wrapper\">\n\t\t\t<a class=\"elementor-button elementor-button-link elementor-size-sm\" href=\"https:\/\/usitex.com.br\/?page_id=532\">\n\t\t\t\t\t\t<span class=\"elementor-button-content-wrapper\">\n\t\t\t\t\t\t<span class=\"elementor-button-text\">Entre em contato<\/span>\n\t\t<\/span>\n\t\t\t\t\t<\/a>\n\t\t<\/div>\n\t\t\t\t<\/div>\n\t\t\t\t<\/div>\n\t\t\t\t\t<\/div>\n\t\t<\/div>\n\t\t\t\t\t\t\t<\/div>\n\t\t<\/section>\n\t\t\t\t\t<\/div>\n\t\t<\/div>\n\t\t\t\t\t\t\t<\/div>\n\t\t<\/section>\n\t\t\t\t\t\t\t<\/div>\n\t\t","protected":false},"excerpt":{"rendered":"<p>Clique para ampliar M\u00e1quina para tingimento de fios modelo BCHT O modelo BCHT possui sistema de circula\u00e7\u00e3o projetado para oferecer ao mercado o verdadeiro banho curto. A elimina\u00e7\u00e3o de toda a tubula\u00e7\u00e3o excedente proporciona uma alta redu\u00e7\u00e3o na rela\u00e7\u00e3o de banho em cada partida. Com excelente desempenho e qualidade, o Turbo BCHT \u00e9 superior aos [&hellip;]<\/p>\n","protected":false},"author":1,"featured_media":0,"parent":0,"menu_order":0,"comment_status":"closed","ping_status":"closed","template":"elementor_header_footer","meta":{"footnotes":""},"class_list":["post-862","page","type-page","status-publish","hentry"],"_links":{"self":[{"href":"https:\/\/usitex.com.br\/index.php?rest_route=\/wp\/v2\/pages\/862","targetHints":{"allow":["GET"]}}],"collection":[{"href":"https:\/\/usitex.com.br\/index.php?rest_route=\/wp\/v2\/pages"}],"about":[{"href":"https:\/\/usitex.com.br\/index.php?rest_route=\/wp\/v2\/types\/page"}],"author":[{"embeddable":true,"href":"https:\/\/usitex.com.br\/index.php?rest_route=\/wp\/v2\/users\/1"}],"replies":[{"embeddable":true,"href":"https:\/\/usitex.com.br\/index.php?rest_route=%2Fwp%2Fv2%2Fcomments&post=862"}],"version-history":[{"count":22,"href":"https:\/\/usitex.com.br\/index.php?rest_route=\/wp\/v2\/pages\/862\/revisions"}],"predecessor-version":[{"id":1207,"href":"https:\/\/usitex.com.br\/index.php?rest_route=\/wp\/v2\/pages\/862\/revisions\/1207"}],"wp:attachment":[{"href":"https:\/\/usitex.com.br\/index.php?rest_route=%2Fwp%2Fv2%2Fmedia&parent=862"}],"curies":[{"name":"wp","href":"https:\/\/api.w.org\/{rel}","templated":true}]}}