{"id":921,"date":"2023-08-14T23:56:29","date_gmt":"2023-08-15T02:56:29","guid":{"rendered":"https:\/\/usitex.com.br\/?page_id=921"},"modified":"2023-09-28T20:44:02","modified_gmt":"2023-09-28T23:44:02","slug":"abridor-de-meadas-abmus","status":"publish","type":"page","link":"https:\/\/usitex.com.br\/?page_id=921","title":{"rendered":"Abridor de Meadas ABMUS"},"content":{"rendered":"\t\t<div data-elementor-type=\"wp-page\" data-elementor-id=\"921\" class=\"elementor elementor-921\" data-elementor-post-type=\"page\">\n\t\t\t\t\t\t\t\t\t<section class=\"elementor-section elementor-top-section elementor-element elementor-element-2249b4c elementor-section-full_width elementor-section-stretched elementor-section-height-default elementor-section-height-default\" data-id=\"2249b4c\" data-element_type=\"section\" data-settings=\"{&quot;stretch_section&quot;:&quot;section-stretched&quot;,&quot;background_background&quot;:&quot;classic&quot;}\">\n\t\t\t\t\t\t\t<div class=\"elementor-background-overlay\"><\/div>\n\t\t\t\t\t\t\t<div class=\"elementor-container elementor-column-gap-no\">\n\t\t\t\t\t<div class=\"aux-parallax-section elementor-column elementor-col-100 elementor-top-column elementor-element elementor-element-1f7fbb3\" data-id=\"1f7fbb3\" data-element_type=\"column\">\n\t\t\t<div class=\"elementor-widget-wrap elementor-element-populated\">\n\t\t\t\t\t\t\t\t\t<\/div>\n\t\t<\/div>\n\t\t\t\t\t\t\t<\/div>\n\t\t<\/section>\n\t\t\t\t<section class=\"elementor-section elementor-top-section elementor-element elementor-element-9cded8e elementor-section-full_width elementor-section-stretched elementor-section-height-default elementor-section-height-default\" data-id=\"9cded8e\" data-element_type=\"section\" data-settings=\"{&quot;stretch_section&quot;:&quot;section-stretched&quot;}\">\n\t\t\t\t\t\t<div class=\"elementor-container elementor-column-gap-default\">\n\t\t\t\t\t<div class=\"aux-parallax-section elementor-column elementor-col-50 elementor-top-column elementor-element elementor-element-486355c\" data-id=\"486355c\" data-element_type=\"column\">\n\t\t\t<div class=\"elementor-widget-wrap elementor-element-populated\">\n\t\t\t\t\t\t\t\t<div class=\"elementor-element elementor-element-99131e9 elementor-widget elementor-widget-image\" data-id=\"99131e9\" data-element_type=\"widget\" data-widget_type=\"image.default\">\n\t\t\t\t<div class=\"elementor-widget-container\">\n\t\t\t\t\t\t\t\t\t\t\t\t\t\t\t\t<a href=\"https:\/\/usitex.com.br\/wp-content\/uploads\/2023\/08\/abmus.jpg\" data-elementor-open-lightbox=\"yes\" data-elementor-lightbox-title=\"abmus\" data-e-action-hash=\"#elementor-action%3Aaction%3Dlightbox%26settings%3DeyJpZCI6OTI0LCJ1cmwiOiJodHRwczpcL1wvdXNpdGV4LmNvbS5iclwvd3AtY29udGVudFwvdXBsb2Fkc1wvMjAyM1wvMDhcL2FibXVzLmpwZyJ9\">\n\t\t\t\t\t\t\t<img loading=\"lazy\" decoding=\"async\" width=\"304\" height=\"400\" src=\"https:\/\/usitex.com.br\/wp-content\/uploads\/2023\/08\/abmus.jpg\" class=\"attachment-full size-full wp-image-924\" alt=\"\" srcset=\"https:\/\/usitex.com.br\/wp-content\/uploads\/2023\/08\/abmus.jpg 304w, https:\/\/usitex.com.br\/wp-content\/uploads\/2023\/08\/abmus-200x263.jpg 200w\" sizes=\"auto, (max-width: 304px) 100vw, 304px\" \/>\t\t\t\t\t\t\t\t<\/a>\n\t\t\t\t\t\t\t\t\t\t\t\t\t\t\t<\/div>\n\t\t\t\t<\/div>\n\t\t\t\t<section class=\"elementor-section elementor-inner-section elementor-element elementor-element-edbb907 elementor-section-boxed elementor-section-height-default elementor-section-height-default\" data-id=\"edbb907\" data-element_type=\"section\">\n\t\t\t\t\t\t<div class=\"elementor-container elementor-column-gap-default\">\n\t\t\t\t\t<div class=\"aux-parallax-section elementor-column elementor-col-25 elementor-inner-column elementor-element elementor-element-afc5afb\" data-id=\"afc5afb\" data-element_type=\"column\">\n\t\t\t<div class=\"elementor-widget-wrap elementor-element-populated\">\n\t\t\t\t\t\t\t\t<div class=\"elementor-element elementor-element-e4f0f54 elementor-widget elementor-widget-image\" data-id=\"e4f0f54\" data-element_type=\"widget\" data-widget_type=\"image.default\">\n\t\t\t\t<div class=\"elementor-widget-container\">\n\t\t\t\t\t\t\t\t\t\t\t\t\t\t\t\t<a href=\"https:\/\/usitex.com.br\/wp-content\/uploads\/2023\/09\/2013-08-15_09-30-22_876-scaled.jpg\" data-elementor-open-lightbox=\"yes\" data-elementor-lightbox-title=\"2013-08-15_09-30-22_876\" data-e-action-hash=\"#elementor-action%3Aaction%3Dlightbox%26settings%3DeyJpZCI6MTE5MCwidXJsIjoiaHR0cHM6XC9cL3VzaXRleC5jb20uYnJcL3dwLWNvbnRlbnRcL3VwbG9hZHNcLzIwMjNcLzA5XC8yMDEzLTA4LTE1XzA5LTMwLTIyXzg3Ni1zY2FsZWQuanBnIn0%3D\">\n\t\t\t\t\t\t\t<img loading=\"lazy\" decoding=\"async\" width=\"200\" height=\"355\" src=\"https:\/\/usitex.com.br\/wp-content\/uploads\/2023\/09\/2013-08-15_09-30-22_876-200x355.jpg\" class=\"attachment-depicter-thumbnail size-depicter-thumbnail wp-image-1190\" alt=\"\" srcset=\"https:\/\/usitex.com.br\/wp-content\/uploads\/2023\/09\/2013-08-15_09-30-22_876-200x355.jpg 200w, https:\/\/usitex.com.br\/wp-content\/uploads\/2023\/09\/2013-08-15_09-30-22_876-866x1536.jpg 866w, https:\/\/usitex.com.br\/wp-content\/uploads\/2023\/09\/2013-08-15_09-30-22_876-1155x2048.jpg 1155w, https:\/\/usitex.com.br\/wp-content\/uploads\/2023\/09\/2013-08-15_09-30-22_876-scaled.jpg 1443w\" sizes=\"auto, (max-width: 200px) 100vw, 200px\" \/>\t\t\t\t\t\t\t\t<\/a>\n\t\t\t\t\t\t\t\t\t\t\t\t\t\t\t<\/div>\n\t\t\t\t<\/div>\n\t\t\t\t\t<\/div>\n\t\t<\/div>\n\t\t\t\t<div class=\"aux-parallax-section elementor-column elementor-col-25 elementor-inner-column elementor-element elementor-element-ed8dc74\" data-id=\"ed8dc74\" data-element_type=\"column\">\n\t\t\t<div class=\"elementor-widget-wrap elementor-element-populated\">\n\t\t\t\t\t\t\t\t<div class=\"elementor-element elementor-element-4c3f3c8 elementor-widget elementor-widget-image\" data-id=\"4c3f3c8\" data-element_type=\"widget\" data-widget_type=\"image.default\">\n\t\t\t\t<div class=\"elementor-widget-container\">\n\t\t\t\t\t\t\t\t\t\t\t\t\t\t\t\t<a href=\"https:\/\/usitex.com.br\/wp-content\/uploads\/2023\/09\/2013-08-15_09-28-53_110-scaled.jpg\" data-elementor-open-lightbox=\"yes\" data-elementor-lightbox-title=\"2013-08-15_09-28-53_110\" data-e-action-hash=\"#elementor-action%3Aaction%3Dlightbox%26settings%3DeyJpZCI6MTE4OSwidXJsIjoiaHR0cHM6XC9cL3VzaXRleC5jb20uYnJcL3dwLWNvbnRlbnRcL3VwbG9hZHNcLzIwMjNcLzA5XC8yMDEzLTA4LTE1XzA5LTI4LTUzXzExMC1zY2FsZWQuanBnIn0%3D\">\n\t\t\t\t\t\t\t<img loading=\"lazy\" decoding=\"async\" width=\"200\" height=\"355\" src=\"https:\/\/usitex.com.br\/wp-content\/uploads\/2023\/09\/2013-08-15_09-28-53_110-200x355.jpg\" class=\"attachment-depicter-thumbnail size-depicter-thumbnail wp-image-1189\" alt=\"\" srcset=\"https:\/\/usitex.com.br\/wp-content\/uploads\/2023\/09\/2013-08-15_09-28-53_110-200x355.jpg 200w, https:\/\/usitex.com.br\/wp-content\/uploads\/2023\/09\/2013-08-15_09-28-53_110-866x1536.jpg 866w, https:\/\/usitex.com.br\/wp-content\/uploads\/2023\/09\/2013-08-15_09-28-53_110-1155x2048.jpg 1155w, https:\/\/usitex.com.br\/wp-content\/uploads\/2023\/09\/2013-08-15_09-28-53_110-scaled.jpg 1443w\" sizes=\"auto, (max-width: 200px) 100vw, 200px\" \/>\t\t\t\t\t\t\t\t<\/a>\n\t\t\t\t\t\t\t\t\t\t\t\t\t\t\t<\/div>\n\t\t\t\t<\/div>\n\t\t\t\t\t<\/div>\n\t\t<\/div>\n\t\t\t\t<div class=\"aux-parallax-section elementor-column elementor-col-25 elementor-inner-column elementor-element elementor-element-573a3de\" data-id=\"573a3de\" data-element_type=\"column\">\n\t\t\t<div class=\"elementor-widget-wrap elementor-element-populated\">\n\t\t\t\t\t\t\t\t<div class=\"elementor-element elementor-element-c3f06f4 elementor-widget elementor-widget-image\" data-id=\"c3f06f4\" data-element_type=\"widget\" data-widget_type=\"image.default\">\n\t\t\t\t<div class=\"elementor-widget-container\">\n\t\t\t\t\t\t\t\t\t\t\t\t\t\t\t\t<a href=\"https:\/\/usitex.com.br\/wp-content\/uploads\/2023\/09\/2013-08-15_09-17-38_208-scaled.jpg\" data-elementor-open-lightbox=\"yes\" data-elementor-lightbox-title=\"2013-08-15_09-17-38_208\" data-e-action-hash=\"#elementor-action%3Aaction%3Dlightbox%26settings%3DeyJpZCI6MTE4OCwidXJsIjoiaHR0cHM6XC9cL3VzaXRleC5jb20uYnJcL3dwLWNvbnRlbnRcL3VwbG9hZHNcLzIwMjNcLzA5XC8yMDEzLTA4LTE1XzA5LTE3LTM4XzIwOC1zY2FsZWQuanBnIn0%3D\">\n\t\t\t\t\t\t\t<img loading=\"lazy\" decoding=\"async\" width=\"200\" height=\"355\" src=\"https:\/\/usitex.com.br\/wp-content\/uploads\/2023\/09\/2013-08-15_09-17-38_208-200x355.jpg\" class=\"attachment-depicter-thumbnail size-depicter-thumbnail wp-image-1188\" alt=\"\" srcset=\"https:\/\/usitex.com.br\/wp-content\/uploads\/2023\/09\/2013-08-15_09-17-38_208-200x355.jpg 200w, https:\/\/usitex.com.br\/wp-content\/uploads\/2023\/09\/2013-08-15_09-17-38_208-866x1536.jpg 866w, https:\/\/usitex.com.br\/wp-content\/uploads\/2023\/09\/2013-08-15_09-17-38_208-1155x2048.jpg 1155w, https:\/\/usitex.com.br\/wp-content\/uploads\/2023\/09\/2013-08-15_09-17-38_208-scaled.jpg 1443w\" sizes=\"auto, (max-width: 200px) 100vw, 200px\" \/>\t\t\t\t\t\t\t\t<\/a>\n\t\t\t\t\t\t\t\t\t\t\t\t\t\t\t<\/div>\n\t\t\t\t<\/div>\n\t\t\t\t\t<\/div>\n\t\t<\/div>\n\t\t\t\t<div class=\"aux-parallax-section elementor-column elementor-col-25 elementor-inner-column elementor-element elementor-element-193e273\" data-id=\"193e273\" data-element_type=\"column\">\n\t\t\t<div class=\"elementor-widget-wrap elementor-element-populated\">\n\t\t\t\t\t\t\t\t<div class=\"elementor-element elementor-element-f82730a elementor-widget elementor-widget-image\" data-id=\"f82730a\" data-element_type=\"widget\" data-widget_type=\"image.default\">\n\t\t\t\t<div class=\"elementor-widget-container\">\n\t\t\t\t\t\t\t\t\t\t\t\t\t\t\t\t<a href=\"https:\/\/usitex.com.br\/wp-content\/uploads\/2023\/09\/2013-08-15_09-16-31_103-scaled.jpg\" data-elementor-open-lightbox=\"yes\" data-elementor-lightbox-title=\"2013-08-15_09-16-31_103\" data-e-action-hash=\"#elementor-action%3Aaction%3Dlightbox%26settings%3DeyJpZCI6MTE4NywidXJsIjoiaHR0cHM6XC9cL3VzaXRleC5jb20uYnJcL3dwLWNvbnRlbnRcL3VwbG9hZHNcLzIwMjNcLzA5XC8yMDEzLTA4LTE1XzA5LTE2LTMxXzEwMy1zY2FsZWQuanBnIn0%3D\">\n\t\t\t\t\t\t\t<img loading=\"lazy\" decoding=\"async\" width=\"200\" height=\"355\" src=\"https:\/\/usitex.com.br\/wp-content\/uploads\/2023\/09\/2013-08-15_09-16-31_103-200x355.jpg\" class=\"attachment-depicter-thumbnail size-depicter-thumbnail wp-image-1187\" alt=\"\" srcset=\"https:\/\/usitex.com.br\/wp-content\/uploads\/2023\/09\/2013-08-15_09-16-31_103-200x355.jpg 200w, https:\/\/usitex.com.br\/wp-content\/uploads\/2023\/09\/2013-08-15_09-16-31_103-866x1536.jpg 866w, https:\/\/usitex.com.br\/wp-content\/uploads\/2023\/09\/2013-08-15_09-16-31_103-1155x2048.jpg 1155w, https:\/\/usitex.com.br\/wp-content\/uploads\/2023\/09\/2013-08-15_09-16-31_103-scaled.jpg 1443w\" sizes=\"auto, (max-width: 200px) 100vw, 200px\" \/>\t\t\t\t\t\t\t\t<\/a>\n\t\t\t\t\t\t\t\t\t\t\t\t\t\t\t<\/div>\n\t\t\t\t<\/div>\n\t\t\t\t\t<\/div>\n\t\t<\/div>\n\t\t\t\t\t\t\t<\/div>\n\t\t<\/section>\n\t\t\t\t<div class=\"elementor-element elementor-element-90bde38 elementor-position-left elementor-vertical-align-middle elementor-widget__width-auto elementor-view-default elementor-mobile-position-top elementor-widget elementor-widget-icon-box\" data-id=\"90bde38\" data-element_type=\"widget\" data-widget_type=\"icon-box.default\">\n\t\t\t\t<div class=\"elementor-widget-container\">\n\t\t\t\t\t<div class=\"elementor-icon-box-wrapper\">\n\t\t\t\t\t\t<div class=\"elementor-icon-box-icon\">\n\t\t\t\t<span  class=\"elementor-icon elementor-animation-\">\n\t\t\t\t<i aria-hidden=\"true\" class=\"auxicon auxicon-magnifier\"><\/i>\t\t\t\t<\/span>\n\t\t\t<\/div>\n\t\t\t\t\t\t<div class=\"elementor-icon-box-content\">\n\t\t\t\t<h3 class=\"elementor-icon-box-title\">\n\t\t\t\t\t<span  >\n\t\t\t\t\t\tClique para ampliar\t\t\t\t\t<\/span>\n\t\t\t\t<\/h3>\n\t\t\t\t\t\t\t<\/div>\n\t\t<\/div>\n\t\t\t\t<\/div>\n\t\t\t\t<\/div>\n\t\t\t\t\t<\/div>\n\t\t<\/div>\n\t\t\t\t<div class=\"aux-parallax-section elementor-column elementor-col-50 elementor-top-column elementor-element elementor-element-235d05f\" data-id=\"235d05f\" data-element_type=\"column\">\n\t\t\t<div class=\"elementor-widget-wrap elementor-element-populated\">\n\t\t\t\t\t\t\t\t<div class=\"elementor-element elementor-element-b8a91a1 elementor-widget elementor-widget-heading\" data-id=\"b8a91a1\" data-element_type=\"widget\" data-widget_type=\"heading.default\">\n\t\t\t\t<div class=\"elementor-widget-container\">\n\t\t\t<h2 class=\"elementor-heading-title elementor-size-default\">Abridor de Meadas ABMUS<\/h2>\t\t<\/div>\n\t\t\t\t<\/div>\n\t\t\t\t<div class=\"elementor-element elementor-element-c0869cb elementor-widget elementor-widget-text-editor\" data-id=\"c0869cb\" data-element_type=\"widget\" data-widget_type=\"text-editor.default\">\n\t\t\t\t<div class=\"elementor-widget-container\">\n\t\t\t\t\t\t\t<p class=\"text-justify\">Abridor de meadas ou muffs Pist\u00e3o projetado para abertura conforme meadas\/muffs e tamanho das aspas Garras em a\u00e7o inoxid\u00e1vel para n\u00e3o contamina\u00e7\u00e3o dos fios. Al\u00e9m disso, ele conta com uma abertura e fechamento com velocidade regul\u00e1vel<\/p><p class=\"text-justify\">Voc\u00ea pode solicitar esse projeto sob encomenda.<\/p>\t\t\t\t\t\t<\/div>\n\t\t\t\t<\/div>\n\t\t\t\t<div class=\"elementor-element elementor-element-896aa3e elementor-widget-divider--view-line elementor-widget elementor-widget-divider\" data-id=\"896aa3e\" data-element_type=\"widget\" data-widget_type=\"divider.default\">\n\t\t\t\t<div class=\"elementor-widget-container\">\n\t\t\t\t\t<div class=\"elementor-divider\">\n\t\t\t<span class=\"elementor-divider-separator\">\n\t\t\t\t\t\t<\/span>\n\t\t<\/div>\n\t\t\t\t<\/div>\n\t\t\t\t<\/div>\n\t\t\t\t\t<\/div>\n\t\t<\/div>\n\t\t\t\t\t\t\t<\/div>\n\t\t<\/section>\n\t\t\t\t<section class=\"elementor-section elementor-top-section elementor-element elementor-element-65ab68a elementor-section-full_width elementor-section-stretched elementor-section-height-default elementor-section-height-default\" data-id=\"65ab68a\" data-element_type=\"section\" data-settings=\"{&quot;stretch_section&quot;:&quot;section-stretched&quot;,&quot;background_background&quot;:&quot;classic&quot;}\">\n\t\t\t\t\t\t\t<div class=\"elementor-background-overlay\"><\/div>\n\t\t\t\t\t\t\t<div class=\"elementor-container elementor-column-gap-no\">\n\t\t\t\t\t<div class=\"aux-parallax-section elementor-column elementor-col-100 elementor-top-column elementor-element elementor-element-259a587\" data-id=\"259a587\" data-element_type=\"column\">\n\t\t\t<div class=\"elementor-widget-wrap elementor-element-populated\">\n\t\t\t\t\t\t\t\t<section class=\"elementor-section elementor-inner-section elementor-element elementor-element-2fa550d elementor-section-boxed elementor-section-height-default elementor-section-height-default\" data-id=\"2fa550d\" data-element_type=\"section\">\n\t\t\t\t\t\t<div class=\"elementor-container elementor-column-gap-default\">\n\t\t\t\t\t<div class=\"aux-parallax-section elementor-column elementor-col-50 elementor-inner-column elementor-element elementor-element-cf7da98\" data-id=\"cf7da98\" data-element_type=\"column\">\n\t\t\t<div class=\"elementor-widget-wrap elementor-element-populated\">\n\t\t\t\t\t\t\t\t<div class=\"elementor-element elementor-element-af86da9 elementor-widget elementor-widget-heading\" data-id=\"af86da9\" data-element_type=\"widget\" data-widget_type=\"heading.default\">\n\t\t\t\t<div class=\"elementor-widget-container\">\n\t\t\t<h2 class=\"elementor-heading-title elementor-size-default\">Qualidade e Efici\u00eancia na<\/h2>\t\t<\/div>\n\t\t\t\t<\/div>\n\t\t\t\t<div class=\"elementor-element elementor-element-f483ff2 elementor-widget elementor-widget-heading\" data-id=\"f483ff2\" data-element_type=\"widget\" data-widget_type=\"heading.default\">\n\t\t\t\t<div class=\"elementor-widget-container\">\n\t\t\t<h2 class=\"elementor-heading-title elementor-size-default\">Produ\u00e7\u00e3o de equipamentos t\u00eaxteis<\/h2>\t\t<\/div>\n\t\t\t\t<\/div>\n\t\t\t\t\t<\/div>\n\t\t<\/div>\n\t\t\t\t<div class=\"aux-parallax-section elementor-column elementor-col-50 elementor-inner-column elementor-element elementor-element-6f5b1a6\" data-id=\"6f5b1a6\" data-element_type=\"column\">\n\t\t\t<div class=\"elementor-widget-wrap elementor-element-populated\">\n\t\t\t\t\t\t\t\t<div class=\"elementor-element elementor-element-9aa2480 elementor-align-justify elementor-widget elementor-widget-button\" data-id=\"9aa2480\" data-element_type=\"widget\" data-widget_type=\"button.default\">\n\t\t\t\t<div class=\"elementor-widget-container\">\n\t\t\t\t\t<div class=\"elementor-button-wrapper\">\n\t\t\t<a class=\"elementor-button elementor-button-link elementor-size-sm\" href=\"https:\/\/usitex.com.br\/?page_id=532\">\n\t\t\t\t\t\t<span class=\"elementor-button-content-wrapper\">\n\t\t\t\t\t\t<span class=\"elementor-button-text\">Entre em contato<\/span>\n\t\t<\/span>\n\t\t\t\t\t<\/a>\n\t\t<\/div>\n\t\t\t\t<\/div>\n\t\t\t\t<\/div>\n\t\t\t\t\t<\/div>\n\t\t<\/div>\n\t\t\t\t\t\t\t<\/div>\n\t\t<\/section>\n\t\t\t\t\t<\/div>\n\t\t<\/div>\n\t\t\t\t\t\t\t<\/div>\n\t\t<\/section>\n\t\t\t\t\t\t\t<\/div>\n\t\t","protected":false},"excerpt":{"rendered":"<p>Clique para ampliar Abridor de Meadas ABMUS Abridor de meadas ou muffs Pist\u00e3o projetado para abertura conforme meadas\/muffs e tamanho das aspas Garras em a\u00e7o inoxid\u00e1vel para n\u00e3o contamina\u00e7\u00e3o dos fios. Al\u00e9m disso, ele conta com uma abertura e fechamento com velocidade regul\u00e1vel Voc\u00ea pode solicitar esse projeto sob encomenda. Qualidade e Efici\u00eancia na Produ\u00e7\u00e3o [&hellip;]<\/p>\n","protected":false},"author":1,"featured_media":0,"parent":0,"menu_order":0,"comment_status":"closed","ping_status":"closed","template":"","meta":{"footnotes":""},"class_list":["post-921","page","type-page","status-publish","hentry"],"_links":{"self":[{"href":"https:\/\/usitex.com.br\/index.php?rest_route=\/wp\/v2\/pages\/921","targetHints":{"allow":["GET"]}}],"collection":[{"href":"https:\/\/usitex.com.br\/index.php?rest_route=\/wp\/v2\/pages"}],"about":[{"href":"https:\/\/usitex.com.br\/index.php?rest_route=\/wp\/v2\/types\/page"}],"author":[{"embeddable":true,"href":"https:\/\/usitex.com.br\/index.php?rest_route=\/wp\/v2\/users\/1"}],"replies":[{"embeddable":true,"href":"https:\/\/usitex.com.br\/index.php?rest_route=%2Fwp%2Fv2%2Fcomments&post=921"}],"version-history":[{"count":22,"href":"https:\/\/usitex.com.br\/index.php?rest_route=\/wp\/v2\/pages\/921\/revisions"}],"predecessor-version":[{"id":1199,"href":"https:\/\/usitex.com.br\/index.php?rest_route=\/wp\/v2\/pages\/921\/revisions\/1199"}],"wp:attachment":[{"href":"https:\/\/usitex.com.br\/index.php?rest_route=%2Fwp%2Fv2%2Fmedia&parent=921"}],"curies":[{"name":"wp","href":"https:\/\/api.w.org\/{rel}","templated":true}]}}